{"id":2985,"date":"2025-10-29T16:04:12","date_gmt":"2025-10-29T16:04:12","guid":{"rendered":"https:\/\/clever-williams.104-248-40-33.plesk.page\/prodotto\/sequoia-brown\/"},"modified":"2025-10-29T16:04:12","modified_gmt":"2025-10-29T16:04:12","slug":"sequoia-brown","status":"publish","type":"product","link":"https:\/\/brunolucchetti.it\/es\/prodotto\/sequoia-brown\/","title":{"rendered":"Sequoia brown"},"content":{"rendered":"","protected":false},"excerpt":{"rendered":"<p><span style=\"font-weight: 400;\">La cuarcita Sequoia Brown cautiva con su fondo marr\u00f3n intenso atravesado por vetas horizontales que evocan la corteza de los \u00e1rboles centenarios. Sus tonos terrosos, que van del chocolate al tabaco con toques dorados, crean un efecto material y org\u00e1nico de gran sugerencia. Perfecta para ambientes de dise\u00f1o natural y contempor\u00e1neo, es ideal para encimeras de cocina distintivas, revestimientos de ba\u00f1o materiales, superficies verticales decorativas y complementos de decoraci\u00f3n con car\u00e1cter. Un material que combina calidez natural, singularidad est\u00e9tica y durabilidad probada.   <\/span><\/p>\n","protected":false},"featured_media":1189,"comment_status":"open","ping_status":"closed","template":"","meta":{"_acf_changed":false,"site-sidebar-layout":"default","site-content-layout":"","ast-site-content-layout":"default","site-content-style":"default","site-sidebar-style":"default","ast-global-header-display":"","ast-banner-title-visibility":"","ast-main-header-display":"","ast-hfb-above-header-display":"","ast-hfb-below-header-display":"","ast-hfb-mobile-header-display":"","site-post-title":"","ast-breadcrumbs-content":"","ast-featured-img":"","footer-sml-layout":"","theme-transparent-header-meta":"default","adv-header-id-meta":"","stick-header-meta":"","header-above-stick-meta":"","header-main-stick-meta":"","header-below-stick-meta":"","astra-migrate-meta-layouts":"default","ast-page-background-enabled":"default","ast-page-background-meta":{"desktop":{"background-color":"var(--ast-global-color-5)","background-image":"","background-repeat":"repeat","background-position":"center center","background-size":"auto","background-attachment":"scroll","background-type":"","background-media":"","overlay-type":"","overlay-color":"","overlay-opacity":"","overlay-gradient":""},"tablet":{"background-color":"","background-image":"","background-repeat":"repeat","background-position":"center center","background-size":"auto","background-attachment":"scroll","background-type":"","background-media":"","overlay-type":"","overlay-color":"","overlay-opacity":"","overlay-gradient":""},"mobile":{"background-color":"","background-image":"","background-repeat":"repeat","background-position":"center center","background-size":"auto","background-attachment":"scroll","background-type":"","background-media":"","overlay-type":"","overlay-color":"","overlay-opacity":"","overlay-gradient":""}},"ast-content-background-meta":{"desktop":{"background-color":"var(--ast-global-color-4)","background-image":"","background-repeat":"repeat","background-position":"center center","background-size":"auto","background-attachment":"scroll","background-type":"","background-media":"","overlay-type":"","overlay-color":"","overlay-opacity":"","overlay-gradient":""},"tablet":{"background-color":"var(--ast-global-color-4)","background-image":"","background-repeat":"repeat","background-position":"center center","background-size":"auto","background-attachment":"scroll","background-type":"","background-media":"","overlay-type":"","overlay-color":"","overlay-opacity":"","overlay-gradient":""},"mobile":{"background-color":"var(--ast-global-color-4)","background-image":"","background-repeat":"repeat","background-position":"center center","background-size":"auto","background-attachment":"scroll","background-type":"","background-media":"","overlay-type":"","overlay-color":"","overlay-opacity":"","overlay-gradient":""}}},"product_brand":[],"product_cat":[67],"product_tag":[],"class_list":{"0":"post-2985","1":"product","2":"type-product","3":"status-publish","4":"has-post-thumbnail","6":"product_cat-cuarcitas","7":"desktop-align-left","8":"tablet-align-left","9":"mobile-align-left","11":"first","12":"instock","13":"shipping-taxable","14":"product-type-simple"},"acf":[],"yoast_head":"<!-- This site is optimized with the Yoast SEO plugin v27.3 - https:\/\/yoast.com\/product\/yoast-seo-wordpress\/ -->\n<title>Sequoia brown - Bruno Lucchetti<\/title>\n<meta name=\"robots\" content=\"index, follow, max-snippet:-1, max-image-preview:large, max-video-preview:-1\" \/>\n<link rel=\"canonical\" href=\"https:\/\/brunolucchetti.it\/es\/prodotto\/sequoia-brown\/\" \/>\n<meta property=\"og:locale\" content=\"es_ES\" \/>\n<meta property=\"og:type\" content=\"article\" \/>\n<meta property=\"og:title\" content=\"Sequoia brown - Bruno Lucchetti\" \/>\n<meta property=\"og:description\" content=\"La cuarcita Sequoia Brown cautiva con su fondo marr\u00f3n intenso atravesado por vetas horizontales que evocan la corteza de los \u00e1rboles centenarios. Sus tonos terrosos, que van del chocolate al tabaco con toques dorados, crean un efecto material y org\u00e1nico de gran sugerencia. Perfecta para ambientes de dise\u00f1o natural y contempor\u00e1neo, es ideal para encimeras de cocina distintivas, revestimientos de ba\u00f1o materiales, superficies verticales decorativas y complementos de decoraci\u00f3n con car\u00e1cter. Un material que combina calidez natural, singularidad est\u00e9tica y durabilidad probada.\" \/>\n<meta property=\"og:url\" content=\"https:\/\/brunolucchetti.it\/es\/prodotto\/sequoia-brown\/\" \/>\n<meta property=\"og:site_name\" content=\"Bruno Lucchetti\" \/>\n<meta property=\"og:image\" content=\"https:\/\/brunolucchetti.it\/wp-content\/uploads\/2025\/10\/sequoia1-1024x576.png\" \/>\n\t<meta property=\"og:image:width\" content=\"1024\" \/>\n\t<meta property=\"og:image:height\" content=\"576\" \/>\n\t<meta property=\"og:image:type\" content=\"image\/png\" \/>\n<meta name=\"twitter:card\" content=\"summary_large_image\" \/>\n<script type=\"application\/ld+json\" class=\"yoast-schema-graph\">{\"@context\":\"https:\\\/\\\/schema.org\",\"@graph\":[{\"@type\":\"WebPage\",\"@id\":\"https:\\\/\\\/brunolucchetti.it\\\/es\\\/prodotto\\\/sequoia-brown\\\/\",\"url\":\"https:\\\/\\\/brunolucchetti.it\\\/es\\\/prodotto\\\/sequoia-brown\\\/\",\"name\":\"Sequoia brown - Bruno Lucchetti\",\"isPartOf\":{\"@id\":\"https:\\\/\\\/brunolucchetti.it\\\/es\\\/#website\"},\"primaryImageOfPage\":{\"@id\":\"https:\\\/\\\/brunolucchetti.it\\\/es\\\/prodotto\\\/sequoia-brown\\\/#primaryimage\"},\"image\":{\"@id\":\"https:\\\/\\\/brunolucchetti.it\\\/es\\\/prodotto\\\/sequoia-brown\\\/#primaryimage\"},\"thumbnailUrl\":\"https:\\\/\\\/brunolucchetti.it\\\/wp-content\\\/uploads\\\/2025\\\/10\\\/sequoia1.png\",\"datePublished\":\"2025-10-29T16:04:12+00:00\",\"breadcrumb\":{\"@id\":\"https:\\\/\\\/brunolucchetti.it\\\/es\\\/prodotto\\\/sequoia-brown\\\/#breadcrumb\"},\"inLanguage\":\"es\",\"potentialAction\":[{\"@type\":\"ReadAction\",\"target\":[\"https:\\\/\\\/brunolucchetti.it\\\/es\\\/prodotto\\\/sequoia-brown\\\/\"]}]},{\"@type\":\"ImageObject\",\"inLanguage\":\"es\",\"@id\":\"https:\\\/\\\/brunolucchetti.it\\\/es\\\/prodotto\\\/sequoia-brown\\\/#primaryimage\",\"url\":\"https:\\\/\\\/brunolucchetti.it\\\/wp-content\\\/uploads\\\/2025\\\/10\\\/sequoia1.png\",\"contentUrl\":\"https:\\\/\\\/brunolucchetti.it\\\/wp-content\\\/uploads\\\/2025\\\/10\\\/sequoia1.png\",\"width\":1920,\"height\":1080},{\"@type\":\"BreadcrumbList\",\"@id\":\"https:\\\/\\\/brunolucchetti.it\\\/es\\\/prodotto\\\/sequoia-brown\\\/#breadcrumb\",\"itemListElement\":[{\"@type\":\"ListItem\",\"position\":1,\"name\":\"Home\",\"item\":\"https:\\\/\\\/brunolucchetti.it\\\/es\\\/\"},{\"@type\":\"ListItem\",\"position\":2,\"name\":\"Tienda\",\"item\":\"https:\\\/\\\/brunolucchetti.it\\\/es\\\/tienda\\\/\"},{\"@type\":\"ListItem\",\"position\":3,\"name\":\"Sequoia brown\"}]},{\"@type\":\"WebSite\",\"@id\":\"https:\\\/\\\/brunolucchetti.it\\\/es\\\/#website\",\"url\":\"https:\\\/\\\/brunolucchetti.it\\\/es\\\/\",\"name\":\"Bruno Lucchetti\",\"description\":\"Marmi e Graniti\",\"publisher\":{\"@id\":\"https:\\\/\\\/brunolucchetti.it\\\/es\\\/#organization\"},\"potentialAction\":[{\"@type\":\"SearchAction\",\"target\":{\"@type\":\"EntryPoint\",\"urlTemplate\":\"https:\\\/\\\/brunolucchetti.it\\\/es\\\/?s={search_term_string}\"},\"query-input\":{\"@type\":\"PropertyValueSpecification\",\"valueRequired\":true,\"valueName\":\"search_term_string\"}}],\"inLanguage\":\"es\"},{\"@type\":\"Organization\",\"@id\":\"https:\\\/\\\/brunolucchetti.it\\\/es\\\/#organization\",\"name\":\"Bruno Lucchetti\",\"url\":\"https:\\\/\\\/brunolucchetti.it\\\/es\\\/\",\"logo\":{\"@type\":\"ImageObject\",\"inLanguage\":\"es\",\"@id\":\"https:\\\/\\\/brunolucchetti.it\\\/es\\\/#\\\/schema\\\/logo\\\/image\\\/\",\"url\":\"https:\\\/\\\/brunolucchetti.it\\\/wp-content\\\/uploads\\\/2025\\\/05\\\/cropped-logolucch-solo-1-scaled-1.png\",\"contentUrl\":\"https:\\\/\\\/brunolucchetti.it\\\/wp-content\\\/uploads\\\/2025\\\/05\\\/cropped-logolucch-solo-1-scaled-1.png\",\"width\":2559,\"height\":1707,\"caption\":\"Bruno Lucchetti\"},\"image\":{\"@id\":\"https:\\\/\\\/brunolucchetti.it\\\/es\\\/#\\\/schema\\\/logo\\\/image\\\/\"}}]}<\/script>\n<!-- \/ Yoast SEO plugin. -->","yoast_head_json":{"title":"Sequoia brown - Bruno Lucchetti","robots":{"index":"index","follow":"follow","max-snippet":"max-snippet:-1","max-image-preview":"max-image-preview:large","max-video-preview":"max-video-preview:-1"},"canonical":"https:\/\/brunolucchetti.it\/es\/prodotto\/sequoia-brown\/","og_locale":"es_ES","og_type":"article","og_title":"Sequoia brown - Bruno Lucchetti","og_description":"La cuarcita Sequoia Brown cautiva con su fondo marr\u00f3n intenso atravesado por vetas horizontales que evocan la corteza de los \u00e1rboles centenarios. Sus tonos terrosos, que van del chocolate al tabaco con toques dorados, crean un efecto material y org\u00e1nico de gran sugerencia. Perfecta para ambientes de dise\u00f1o natural y contempor\u00e1neo, es ideal para encimeras de cocina distintivas, revestimientos de ba\u00f1o materiales, superficies verticales decorativas y complementos de decoraci\u00f3n con car\u00e1cter. Un material que combina calidez natural, singularidad est\u00e9tica y durabilidad probada.","og_url":"https:\/\/brunolucchetti.it\/es\/prodotto\/sequoia-brown\/","og_site_name":"Bruno Lucchetti","og_image":[{"width":1024,"height":576,"url":"https:\/\/brunolucchetti.it\/wp-content\/uploads\/2025\/10\/sequoia1-1024x576.png","type":"image\/png"}],"twitter_card":"summary_large_image","schema":{"@context":"https:\/\/schema.org","@graph":[{"@type":"WebPage","@id":"https:\/\/brunolucchetti.it\/es\/prodotto\/sequoia-brown\/","url":"https:\/\/brunolucchetti.it\/es\/prodotto\/sequoia-brown\/","name":"Sequoia brown - Bruno Lucchetti","isPartOf":{"@id":"https:\/\/brunolucchetti.it\/es\/#website"},"primaryImageOfPage":{"@id":"https:\/\/brunolucchetti.it\/es\/prodotto\/sequoia-brown\/#primaryimage"},"image":{"@id":"https:\/\/brunolucchetti.it\/es\/prodotto\/sequoia-brown\/#primaryimage"},"thumbnailUrl":"https:\/\/brunolucchetti.it\/wp-content\/uploads\/2025\/10\/sequoia1.png","datePublished":"2025-10-29T16:04:12+00:00","breadcrumb":{"@id":"https:\/\/brunolucchetti.it\/es\/prodotto\/sequoia-brown\/#breadcrumb"},"inLanguage":"es","potentialAction":[{"@type":"ReadAction","target":["https:\/\/brunolucchetti.it\/es\/prodotto\/sequoia-brown\/"]}]},{"@type":"ImageObject","inLanguage":"es","@id":"https:\/\/brunolucchetti.it\/es\/prodotto\/sequoia-brown\/#primaryimage","url":"https:\/\/brunolucchetti.it\/wp-content\/uploads\/2025\/10\/sequoia1.png","contentUrl":"https:\/\/brunolucchetti.it\/wp-content\/uploads\/2025\/10\/sequoia1.png","width":1920,"height":1080},{"@type":"BreadcrumbList","@id":"https:\/\/brunolucchetti.it\/es\/prodotto\/sequoia-brown\/#breadcrumb","itemListElement":[{"@type":"ListItem","position":1,"name":"Home","item":"https:\/\/brunolucchetti.it\/es\/"},{"@type":"ListItem","position":2,"name":"Tienda","item":"https:\/\/brunolucchetti.it\/es\/tienda\/"},{"@type":"ListItem","position":3,"name":"Sequoia brown"}]},{"@type":"WebSite","@id":"https:\/\/brunolucchetti.it\/es\/#website","url":"https:\/\/brunolucchetti.it\/es\/","name":"Bruno Lucchetti","description":"Marmi e Graniti","publisher":{"@id":"https:\/\/brunolucchetti.it\/es\/#organization"},"potentialAction":[{"@type":"SearchAction","target":{"@type":"EntryPoint","urlTemplate":"https:\/\/brunolucchetti.it\/es\/?s={search_term_string}"},"query-input":{"@type":"PropertyValueSpecification","valueRequired":true,"valueName":"search_term_string"}}],"inLanguage":"es"},{"@type":"Organization","@id":"https:\/\/brunolucchetti.it\/es\/#organization","name":"Bruno Lucchetti","url":"https:\/\/brunolucchetti.it\/es\/","logo":{"@type":"ImageObject","inLanguage":"es","@id":"https:\/\/brunolucchetti.it\/es\/#\/schema\/logo\/image\/","url":"https:\/\/brunolucchetti.it\/wp-content\/uploads\/2025\/05\/cropped-logolucch-solo-1-scaled-1.png","contentUrl":"https:\/\/brunolucchetti.it\/wp-content\/uploads\/2025\/05\/cropped-logolucch-solo-1-scaled-1.png","width":2559,"height":1707,"caption":"Bruno Lucchetti"},"image":{"@id":"https:\/\/brunolucchetti.it\/es\/#\/schema\/logo\/image\/"}}]}},"_links":{"self":[{"href":"https:\/\/brunolucchetti.it\/es\/wp-json\/wp\/v2\/product\/2985","targetHints":{"allow":["GET"]}}],"collection":[{"href":"https:\/\/brunolucchetti.it\/es\/wp-json\/wp\/v2\/product"}],"about":[{"href":"https:\/\/brunolucchetti.it\/es\/wp-json\/wp\/v2\/types\/product"}],"replies":[{"embeddable":true,"href":"https:\/\/brunolucchetti.it\/es\/wp-json\/wp\/v2\/comments?post=2985"}],"wp:featuredmedia":[{"embeddable":true,"href":"https:\/\/brunolucchetti.it\/es\/wp-json\/wp\/v2\/media\/1189"}],"wp:attachment":[{"href":"https:\/\/brunolucchetti.it\/es\/wp-json\/wp\/v2\/media?parent=2985"}],"wp:term":[{"taxonomy":"product_brand","embeddable":true,"href":"https:\/\/brunolucchetti.it\/es\/wp-json\/wp\/v2\/product_brand?post=2985"},{"taxonomy":"product_cat","embeddable":true,"href":"https:\/\/brunolucchetti.it\/es\/wp-json\/wp\/v2\/product_cat?post=2985"},{"taxonomy":"product_tag","embeddable":true,"href":"https:\/\/brunolucchetti.it\/es\/wp-json\/wp\/v2\/product_tag?post=2985"}],"curies":[{"name":"wp","href":"https:\/\/api.w.org\/{rel}","templated":true}]}}