{"id":2898,"date":"2025-11-04T16:01:04","date_gmt":"2025-11-04T16:01:04","guid":{"rendered":"https:\/\/clever-williams.104-248-40-33.plesk.page\/prodotto\/white-gioia\/"},"modified":"2025-11-04T16:01:04","modified_gmt":"2025-11-04T16:01:04","slug":"white-gioia","status":"publish","type":"product","link":"https:\/\/brunolucchetti.it\/es\/prodotto\/white-gioia\/","title":{"rendered":"White Gioia"},"content":{"rendered":"","protected":false},"excerpt":{"rendered":"<p><span style=\"font-weight: 400;\">El m\u00e1rmol White Gioia se caracteriza por un fondo blanco homog\u00e9neo atravesado por vetas grises m\u00e1s marcadas y sinuosas, que aportan profundidad y movimiento a la superficie. Procedente de las canteras de Carrara, representa una versi\u00f3n m\u00e1s intensa y decorativa del cl\u00e1sico m\u00e1rmol blanco, ideal para quien desea un efecto elegante pero decidido. Utilizado en pavimentos, encimeras y revestimientos, White Gioia une brillantez, durabilidad y una natural armon\u00eda est\u00e9tica que lo convierten en protagonista de cada proyecto de dise\u00f1o.  <\/span><\/p>\n","protected":false},"featured_media":1363,"comment_status":"open","ping_status":"closed","template":"","meta":{"_acf_changed":false,"site-sidebar-layout":"default","site-content-layout":"","ast-site-content-layout":"default","site-content-style":"default","site-sidebar-style":"default","ast-global-header-display":"","ast-banner-title-visibility":"","ast-main-header-display":"","ast-hfb-above-header-display":"","ast-hfb-below-header-display":"","ast-hfb-mobile-header-display":"","site-post-title":"","ast-breadcrumbs-content":"","ast-featured-img":"","footer-sml-layout":"","theme-transparent-header-meta":"default","adv-header-id-meta":"","stick-header-meta":"","header-above-stick-meta":"","header-main-stick-meta":"","header-below-stick-meta":"","astra-migrate-meta-layouts":"default","ast-page-background-enabled":"default","ast-page-background-meta":{"desktop":{"background-color":"var(--ast-global-color-5)","background-image":"","background-repeat":"repeat","background-position":"center center","background-size":"auto","background-attachment":"scroll","background-type":"","background-media":"","overlay-type":"","overlay-color":"","overlay-opacity":"","overlay-gradient":""},"tablet":{"background-color":"","background-image":"","background-repeat":"repeat","background-position":"center center","background-size":"auto","background-attachment":"scroll","background-type":"","background-media":"","overlay-type":"","overlay-color":"","overlay-opacity":"","overlay-gradient":""},"mobile":{"background-color":"","background-image":"","background-repeat":"repeat","background-position":"center center","background-size":"auto","background-attachment":"scroll","background-type":"","background-media":"","overlay-type":"","overlay-color":"","overlay-opacity":"","overlay-gradient":""}},"ast-content-background-meta":{"desktop":{"background-color":"var(--ast-global-color-4)","background-image":"","background-repeat":"repeat","background-position":"center center","background-size":"auto","background-attachment":"scroll","background-type":"","background-media":"","overlay-type":"","overlay-color":"","overlay-opacity":"","overlay-gradient":""},"tablet":{"background-color":"var(--ast-global-color-4)","background-image":"","background-repeat":"repeat","background-position":"center center","background-size":"auto","background-attachment":"scroll","background-type":"","background-media":"","overlay-type":"","overlay-color":"","overlay-opacity":"","overlay-gradient":""},"mobile":{"background-color":"var(--ast-global-color-4)","background-image":"","background-repeat":"repeat","background-position":"center center","background-size":"auto","background-attachment":"scroll","background-type":"","background-media":"","overlay-type":"","overlay-color":"","overlay-opacity":"","overlay-gradient":""}}},"product_brand":[],"product_cat":[65],"product_tag":[],"class_list":{"0":"post-2898","1":"product","2":"type-product","3":"status-publish","4":"has-post-thumbnail","6":"product_cat-marmoles","7":"desktop-align-left","8":"tablet-align-left","9":"mobile-align-left","11":"first","12":"instock","13":"shipping-taxable","14":"product-type-simple"},"acf":[],"yoast_head":"<!-- This site is optimized with the Yoast SEO plugin v27.3 - https:\/\/yoast.com\/product\/yoast-seo-wordpress\/ -->\n<title>White Gioia - Bruno Lucchetti<\/title>\n<meta name=\"robots\" content=\"index, follow, max-snippet:-1, max-image-preview:large, max-video-preview:-1\" \/>\n<link rel=\"canonical\" href=\"https:\/\/brunolucchetti.it\/es\/prodotto\/white-gioia\/\" \/>\n<meta property=\"og:locale\" content=\"es_ES\" \/>\n<meta property=\"og:type\" content=\"article\" \/>\n<meta property=\"og:title\" content=\"White Gioia - Bruno Lucchetti\" \/>\n<meta property=\"og:description\" content=\"El m\u00e1rmol White Gioia se caracteriza por un fondo blanco homog\u00e9neo atravesado por vetas grises m\u00e1s marcadas y sinuosas, que aportan profundidad y movimiento a la superficie. Procedente de las canteras de Carrara, representa una versi\u00f3n m\u00e1s intensa y decorativa del cl\u00e1sico m\u00e1rmol blanco, ideal para quien desea un efecto elegante pero decidido. Utilizado en pavimentos, encimeras y revestimientos, White Gioia une brillantez, durabilidad y una natural armon\u00eda est\u00e9tica que lo convierten en protagonista de cada proyecto de dise\u00f1o.\" \/>\n<meta property=\"og:url\" content=\"https:\/\/brunolucchetti.it\/es\/prodotto\/white-gioia\/\" \/>\n<meta property=\"og:site_name\" content=\"Bruno Lucchetti\" \/>\n<meta property=\"og:image\" content=\"https:\/\/brunolucchetti.it\/wp-content\/uploads\/2025\/11\/White-Gioia1-1024x576.png\" \/>\n\t<meta property=\"og:image:width\" content=\"1024\" \/>\n\t<meta property=\"og:image:height\" content=\"576\" \/>\n\t<meta property=\"og:image:type\" content=\"image\/png\" \/>\n<meta name=\"twitter:card\" content=\"summary_large_image\" \/>\n<script type=\"application\/ld+json\" class=\"yoast-schema-graph\">{\"@context\":\"https:\\\/\\\/schema.org\",\"@graph\":[{\"@type\":\"WebPage\",\"@id\":\"https:\\\/\\\/brunolucchetti.it\\\/es\\\/prodotto\\\/white-gioia\\\/\",\"url\":\"https:\\\/\\\/brunolucchetti.it\\\/es\\\/prodotto\\\/white-gioia\\\/\",\"name\":\"White Gioia - Bruno Lucchetti\",\"isPartOf\":{\"@id\":\"https:\\\/\\\/brunolucchetti.it\\\/es\\\/#website\"},\"primaryImageOfPage\":{\"@id\":\"https:\\\/\\\/brunolucchetti.it\\\/es\\\/prodotto\\\/white-gioia\\\/#primaryimage\"},\"image\":{\"@id\":\"https:\\\/\\\/brunolucchetti.it\\\/es\\\/prodotto\\\/white-gioia\\\/#primaryimage\"},\"thumbnailUrl\":\"https:\\\/\\\/brunolucchetti.it\\\/wp-content\\\/uploads\\\/2025\\\/11\\\/White-Gioia1.png\",\"datePublished\":\"2025-11-04T16:01:04+00:00\",\"breadcrumb\":{\"@id\":\"https:\\\/\\\/brunolucchetti.it\\\/es\\\/prodotto\\\/white-gioia\\\/#breadcrumb\"},\"inLanguage\":\"es\",\"potentialAction\":[{\"@type\":\"ReadAction\",\"target\":[\"https:\\\/\\\/brunolucchetti.it\\\/es\\\/prodotto\\\/white-gioia\\\/\"]}]},{\"@type\":\"ImageObject\",\"inLanguage\":\"es\",\"@id\":\"https:\\\/\\\/brunolucchetti.it\\\/es\\\/prodotto\\\/white-gioia\\\/#primaryimage\",\"url\":\"https:\\\/\\\/brunolucchetti.it\\\/wp-content\\\/uploads\\\/2025\\\/11\\\/White-Gioia1.png\",\"contentUrl\":\"https:\\\/\\\/brunolucchetti.it\\\/wp-content\\\/uploads\\\/2025\\\/11\\\/White-Gioia1.png\",\"width\":1920,\"height\":1080},{\"@type\":\"BreadcrumbList\",\"@id\":\"https:\\\/\\\/brunolucchetti.it\\\/es\\\/prodotto\\\/white-gioia\\\/#breadcrumb\",\"itemListElement\":[{\"@type\":\"ListItem\",\"position\":1,\"name\":\"Home\",\"item\":\"https:\\\/\\\/brunolucchetti.it\\\/es\\\/\"},{\"@type\":\"ListItem\",\"position\":2,\"name\":\"Tienda\",\"item\":\"https:\\\/\\\/brunolucchetti.it\\\/es\\\/tienda\\\/\"},{\"@type\":\"ListItem\",\"position\":3,\"name\":\"White Gioia\"}]},{\"@type\":\"WebSite\",\"@id\":\"https:\\\/\\\/brunolucchetti.it\\\/es\\\/#website\",\"url\":\"https:\\\/\\\/brunolucchetti.it\\\/es\\\/\",\"name\":\"Bruno Lucchetti\",\"description\":\"Marmi e Graniti\",\"publisher\":{\"@id\":\"https:\\\/\\\/brunolucchetti.it\\\/es\\\/#organization\"},\"potentialAction\":[{\"@type\":\"SearchAction\",\"target\":{\"@type\":\"EntryPoint\",\"urlTemplate\":\"https:\\\/\\\/brunolucchetti.it\\\/es\\\/?s={search_term_string}\"},\"query-input\":{\"@type\":\"PropertyValueSpecification\",\"valueRequired\":true,\"valueName\":\"search_term_string\"}}],\"inLanguage\":\"es\"},{\"@type\":\"Organization\",\"@id\":\"https:\\\/\\\/brunolucchetti.it\\\/es\\\/#organization\",\"name\":\"Bruno Lucchetti\",\"url\":\"https:\\\/\\\/brunolucchetti.it\\\/es\\\/\",\"logo\":{\"@type\":\"ImageObject\",\"inLanguage\":\"es\",\"@id\":\"https:\\\/\\\/brunolucchetti.it\\\/es\\\/#\\\/schema\\\/logo\\\/image\\\/\",\"url\":\"https:\\\/\\\/brunolucchetti.it\\\/wp-content\\\/uploads\\\/2025\\\/05\\\/cropped-logolucch-solo-1-scaled-1.png\",\"contentUrl\":\"https:\\\/\\\/brunolucchetti.it\\\/wp-content\\\/uploads\\\/2025\\\/05\\\/cropped-logolucch-solo-1-scaled-1.png\",\"width\":2559,\"height\":1707,\"caption\":\"Bruno Lucchetti\"},\"image\":{\"@id\":\"https:\\\/\\\/brunolucchetti.it\\\/es\\\/#\\\/schema\\\/logo\\\/image\\\/\"}}]}<\/script>\n<!-- \/ Yoast SEO plugin. -->","yoast_head_json":{"title":"White Gioia - Bruno Lucchetti","robots":{"index":"index","follow":"follow","max-snippet":"max-snippet:-1","max-image-preview":"max-image-preview:large","max-video-preview":"max-video-preview:-1"},"canonical":"https:\/\/brunolucchetti.it\/es\/prodotto\/white-gioia\/","og_locale":"es_ES","og_type":"article","og_title":"White Gioia - Bruno Lucchetti","og_description":"El m\u00e1rmol White Gioia se caracteriza por un fondo blanco homog\u00e9neo atravesado por vetas grises m\u00e1s marcadas y sinuosas, que aportan profundidad y movimiento a la superficie. Procedente de las canteras de Carrara, representa una versi\u00f3n m\u00e1s intensa y decorativa del cl\u00e1sico m\u00e1rmol blanco, ideal para quien desea un efecto elegante pero decidido. Utilizado en pavimentos, encimeras y revestimientos, White Gioia une brillantez, durabilidad y una natural armon\u00eda est\u00e9tica que lo convierten en protagonista de cada proyecto de dise\u00f1o.","og_url":"https:\/\/brunolucchetti.it\/es\/prodotto\/white-gioia\/","og_site_name":"Bruno Lucchetti","og_image":[{"width":1024,"height":576,"url":"https:\/\/brunolucchetti.it\/wp-content\/uploads\/2025\/11\/White-Gioia1-1024x576.png","type":"image\/png"}],"twitter_card":"summary_large_image","schema":{"@context":"https:\/\/schema.org","@graph":[{"@type":"WebPage","@id":"https:\/\/brunolucchetti.it\/es\/prodotto\/white-gioia\/","url":"https:\/\/brunolucchetti.it\/es\/prodotto\/white-gioia\/","name":"White Gioia - Bruno Lucchetti","isPartOf":{"@id":"https:\/\/brunolucchetti.it\/es\/#website"},"primaryImageOfPage":{"@id":"https:\/\/brunolucchetti.it\/es\/prodotto\/white-gioia\/#primaryimage"},"image":{"@id":"https:\/\/brunolucchetti.it\/es\/prodotto\/white-gioia\/#primaryimage"},"thumbnailUrl":"https:\/\/brunolucchetti.it\/wp-content\/uploads\/2025\/11\/White-Gioia1.png","datePublished":"2025-11-04T16:01:04+00:00","breadcrumb":{"@id":"https:\/\/brunolucchetti.it\/es\/prodotto\/white-gioia\/#breadcrumb"},"inLanguage":"es","potentialAction":[{"@type":"ReadAction","target":["https:\/\/brunolucchetti.it\/es\/prodotto\/white-gioia\/"]}]},{"@type":"ImageObject","inLanguage":"es","@id":"https:\/\/brunolucchetti.it\/es\/prodotto\/white-gioia\/#primaryimage","url":"https:\/\/brunolucchetti.it\/wp-content\/uploads\/2025\/11\/White-Gioia1.png","contentUrl":"https:\/\/brunolucchetti.it\/wp-content\/uploads\/2025\/11\/White-Gioia1.png","width":1920,"height":1080},{"@type":"BreadcrumbList","@id":"https:\/\/brunolucchetti.it\/es\/prodotto\/white-gioia\/#breadcrumb","itemListElement":[{"@type":"ListItem","position":1,"name":"Home","item":"https:\/\/brunolucchetti.it\/es\/"},{"@type":"ListItem","position":2,"name":"Tienda","item":"https:\/\/brunolucchetti.it\/es\/tienda\/"},{"@type":"ListItem","position":3,"name":"White Gioia"}]},{"@type":"WebSite","@id":"https:\/\/brunolucchetti.it\/es\/#website","url":"https:\/\/brunolucchetti.it\/es\/","name":"Bruno Lucchetti","description":"Marmi e Graniti","publisher":{"@id":"https:\/\/brunolucchetti.it\/es\/#organization"},"potentialAction":[{"@type":"SearchAction","target":{"@type":"EntryPoint","urlTemplate":"https:\/\/brunolucchetti.it\/es\/?s={search_term_string}"},"query-input":{"@type":"PropertyValueSpecification","valueRequired":true,"valueName":"search_term_string"}}],"inLanguage":"es"},{"@type":"Organization","@id":"https:\/\/brunolucchetti.it\/es\/#organization","name":"Bruno Lucchetti","url":"https:\/\/brunolucchetti.it\/es\/","logo":{"@type":"ImageObject","inLanguage":"es","@id":"https:\/\/brunolucchetti.it\/es\/#\/schema\/logo\/image\/","url":"https:\/\/brunolucchetti.it\/wp-content\/uploads\/2025\/05\/cropped-logolucch-solo-1-scaled-1.png","contentUrl":"https:\/\/brunolucchetti.it\/wp-content\/uploads\/2025\/05\/cropped-logolucch-solo-1-scaled-1.png","width":2559,"height":1707,"caption":"Bruno Lucchetti"},"image":{"@id":"https:\/\/brunolucchetti.it\/es\/#\/schema\/logo\/image\/"}}]}},"_links":{"self":[{"href":"https:\/\/brunolucchetti.it\/es\/wp-json\/wp\/v2\/product\/2898","targetHints":{"allow":["GET"]}}],"collection":[{"href":"https:\/\/brunolucchetti.it\/es\/wp-json\/wp\/v2\/product"}],"about":[{"href":"https:\/\/brunolucchetti.it\/es\/wp-json\/wp\/v2\/types\/product"}],"replies":[{"embeddable":true,"href":"https:\/\/brunolucchetti.it\/es\/wp-json\/wp\/v2\/comments?post=2898"}],"wp:featuredmedia":[{"embeddable":true,"href":"https:\/\/brunolucchetti.it\/es\/wp-json\/wp\/v2\/media\/1363"}],"wp:attachment":[{"href":"https:\/\/brunolucchetti.it\/es\/wp-json\/wp\/v2\/media?parent=2898"}],"wp:term":[{"taxonomy":"product_brand","embeddable":true,"href":"https:\/\/brunolucchetti.it\/es\/wp-json\/wp\/v2\/product_brand?post=2898"},{"taxonomy":"product_cat","embeddable":true,"href":"https:\/\/brunolucchetti.it\/es\/wp-json\/wp\/v2\/product_cat?post=2898"},{"taxonomy":"product_tag","embeddable":true,"href":"https:\/\/brunolucchetti.it\/es\/wp-json\/wp\/v2\/product_tag?post=2898"}],"curies":[{"name":"wp","href":"https:\/\/api.w.org\/{rel}","templated":true}]}}